{"id":1245,"date":"2025-10-29T10:03:25","date_gmt":"2025-10-29T10:03:25","guid":{"rendered":"https:\/\/remidelac.com\/?page_id=1245"},"modified":"2025-12-30T11:15:44","modified_gmt":"2025-12-30T11:15:44","slug":"legal-notices","status":"publish","type":"page","link":"https:\/\/remidelac.com\/en\/legal-notices\/","title":{"rendered":"Legal Notices"},"content":{"rendered":"<div data-elementor-type=\"wp-page\" data-elementor-id=\"1245\" class=\"elementor elementor-1245\" data-elementor-post-type=\"page\">\n\t\t\t\t<div class=\"elementor-element elementor-element-6c5cb8bf e-flex e-con-boxed e-con e-parent\" data-id=\"6c5cb8bf\" data-element_type=\"container\" data-e-type=\"container\" data-settings=\"{&quot;background_background&quot;:&quot;gradient&quot;}\">\n\t\t\t\t\t<div class=\"e-con-inner\">\n\t\t\t\t<div class=\"elementor-element elementor-element-655ef529 elementor-widget elementor-widget-heading\" data-id=\"655ef529\" data-element_type=\"widget\" data-e-type=\"widget\" data-widget_type=\"heading.default\">\n\t\t\t\t\t<div class=\"elementor-heading-title elementor-size-default\">R\u00e9mi Delac<\/div>\t\t\t\t<\/div>\n\t\t\t\t<div class=\"elementor-element elementor-element-6ffc3e2 elementor-widget elementor-widget-heading\" data-id=\"6ffc3e2\" data-element_type=\"widget\" data-e-type=\"widget\" data-widget_type=\"heading.default\">\n\t\t\t\t\t<h1 class=\"elementor-heading-title elementor-size-default\">Mentions L\u00e9gales<\/h1>\t\t\t\t<\/div>\n\t\t\t\t<div class=\"elementor-element elementor-element-7e592618 elementor-widget__width-initial elementor-widget elementor-widget-text-editor\" data-id=\"7e592618\" data-element_type=\"widget\" data-e-type=\"widget\" data-widget_type=\"text-editor.default\">\n\t\t\t\t\t\t\t\t\t<p class=\"translation-block\">In accordance with the provisions of Articles 6-III and 19 of Law No. 2004-575 of June 21, 2004 on Confidence in the Digital Economy, known as L.C.E.N., we inform users and visitors of the site <a href=\"http:\/\/www.remi.delac.com\/\" target=\"_self\">www.remidelac.com<\/a> the following informations:<\/p>\n<p><!-- \/wp:paragraph --><!-- wp:heading --><\/p>\n<p><!-- \/wp:paragraph --><\/p>\t\t\t\t\t\t\t\t<\/div>\n\t\t\t\t\t<\/div>\n\t\t\t\t<\/div>\n\t\t<div class=\"elementor-element elementor-element-a2a5682 e-flex e-con-boxed e-con e-parent\" data-id=\"a2a5682\" data-element_type=\"container\" data-e-type=\"container\">\n\t\t\t\t\t<div class=\"e-con-inner\">\n\t\t\t\t<div class=\"elementor-element elementor-element-d28ef82 elementor-align-center elementor-widget elementor-widget-breadcrumbs\" data-id=\"d28ef82\" data-element_type=\"widget\" data-e-type=\"widget\" data-widget_type=\"breadcrumbs.default\">\n\t\t\t\t\t<p id=\"breadcrumbs\"><span><span><a href=\"https:\/\/remidelac.com\/en\/\">Home<\/a><\/span><\/span><\/p>\t\t\t\t<\/div>\n\t\t\t\t\t<\/div>\n\t\t\t\t<\/div>\n\t\t<div class=\"elementor-element elementor-element-7c06667 e-flex e-con-boxed e-con e-parent\" data-id=\"7c06667\" data-element_type=\"container\" data-e-type=\"container\">\n\t\t\t\t\t<div class=\"e-con-inner\">\n\t\t\t\t<div class=\"elementor-element elementor-element-75a184e4 elementor-widget elementor-widget-text-editor\" data-id=\"75a184e4\" data-element_type=\"widget\" data-e-type=\"widget\" data-widget_type=\"text-editor.default\">\n\t\t\t\t\t\t\t\t\t<!-- wp:paragraph -->\n<h2 class=\"wp-block-heading\">EDITOR<\/h2>\n<!-- \/wp:heading --><!-- wp:paragraph -->\n<p class=\"translation-block\">The website <a href=\"http:\/\/www.remidelac.com\/en\" target=\"_blank\" rel=\"noreferrer noopener\">www.remidelac.com<\/a>  is the exclusive property of Auto-entrepreneur R\u00e9mi Delac, who publishes it.<\/p>\n<!-- \/wp:paragraph --><!-- wp:paragraph -->\n<p>5 rue du Houssat, 65440 Ancizan, FRANCE<\/p>\n<!-- \/wp:paragraph --><!-- wp:paragraph -->\n<p>Registered in \"registre du commerce et des soci\u00e9t\u00e9s (RCS)\" and in \"r\u00e9pertoire des m\u00e9tiers (RM)\", FRANCE<\/p>\n<!-- \/wp:paragraph --><!-- wp:paragraph -->\n<p>Siret number :\u00a0<strong>52151974400028<\/strong><\/p>\n<!-- \/wp:paragraph --><!-- wp:paragraph -->\n<p class=\"translation-block\">Email address: remi.delac@gmail.com<\/p>\n<!-- \/wp:paragraph --><!-- wp:paragraph -->\n<p class=\"translation-block\">Publication director: R\u00e9mi Delac<\/p>\n<!-- \/wp:paragraph --><!-- wp:paragraph -->\n<p class=\"translation-block\">Contact the publication manager: remi.delac@gmail.com<\/p>\n<p>\u00a0<\/p>\n<!-- \/wp:paragraph --><!-- wp:heading -->\n<h2 class=\"wp-block-heading\">HOSTING<\/h2>\n<!-- \/wp:heading --><!-- wp:paragraph -->\n<p class=\"translation-block\">The site is hosted by <strong>Hostinger International Ltd.<\/strong><\/p>\n<!-- \/wp:paragraph --><!-- wp:paragraph -->\n<p>61 Lordou Vironos Street<\/p>\n<!-- \/wp:paragraph --><!-- wp:paragraph -->\n<p>6023 Larnaca, Cyprus<\/p>\n<!-- \/wp:paragraph --><!-- wp:paragraph -->\n<p><a href=\"https:\/\/www.hostinger.fr\">https:\/\/www.hostinger.fr<\/a><\/p>\n<!-- \/wp:paragraph --><!-- wp:paragraph -->\n<p>\u00a0<\/p>\n<!-- \/wp:paragraph -->\t\t\t\t\t\t\t\t<\/div>\n\t\t\t\t\t<\/div>\n\t\t\t\t<\/div>\n\t\t\t\t<\/div>","protected":false},"excerpt":{"rendered":"<p>R\u00e9mi Delac Mentions L\u00e9gales Conform\u00e9ment aux dispositions des articles 6-III et 19 de la Loi n\u00b0 2004-575 du 21 juin 2004 pour la Confiance dans l\u2019\u00e9conomie num\u00e9rique, dite L.C.E.N., nous portons \u00e0 la connaissance des utilisateurs et visiteurs du site www.remidelac.com les informations suivantes: \u00c9DITEUR Le site www.remidelac.com est la propri\u00e9t\u00e9 exclusive de Auto-entrepreneur R\u00e9mi [&hellip;]<\/p>","protected":false},"author":1,"featured_media":0,"parent":0,"menu_order":0,"comment_status":"closed","ping_status":"closed","template":"","meta":{"_acf_changed":false,"inline_featured_image":false,"footnotes":""},"class_list":["post-1245","page","type-page","status-publish","hentry"],"acf":[],"yoast_head":"<!-- This site is optimized with the Yoast SEO plugin v27.4 - https:\/\/yoast.com\/product\/yoast-seo-wordpress\/ -->\n<title>Mentions l\u00e9gales | R\u00e9mi Delac, d\u00e9veloppeur web freelance<\/title>\n<meta name=\"description\" content=\"D\u00e9couvrez mes services en cr\u00e9ation de sites WordPress, e-commerce et d\u00e9veloppement sur mesure.\" \/>\n<meta name=\"robots\" content=\"noindex, follow\" \/>\n<meta property=\"og:locale\" content=\"en_GB\" \/>\n<meta property=\"og:type\" content=\"article\" \/>\n<meta property=\"og:title\" content=\"Mentions l\u00e9gales | R\u00e9mi Delac, d\u00e9veloppeur web freelance\" \/>\n<meta property=\"og:description\" content=\"D\u00e9couvrez mes services en cr\u00e9ation de sites WordPress, e-commerce et d\u00e9veloppement sur mesure.\" \/>\n<meta property=\"og:url\" content=\"https:\/\/remidelac.com\/en\/legal-notices\/\" \/>\n<meta property=\"og:site_name\" content=\"R\u00e9mi Delac \u2013 D\u00e9veloppeur &amp; Web Designer Freelance\" \/>\n<meta property=\"article:modified_time\" content=\"2025-12-30T11:15:44+00:00\" \/>\n<meta property=\"og:image\" content=\"https:\/\/remidelac.com\/wp-content\/uploads\/2025\/10\/remi-delac-site-web-low.jpg\" \/>\n\t<meta property=\"og:image:width\" content=\"1200\" \/>\n\t<meta property=\"og:image:height\" content=\"675\" \/>\n\t<meta property=\"og:image:type\" content=\"image\/jpeg\" \/>\n<meta name=\"twitter:card\" content=\"summary_large_image\" \/>\n<meta name=\"twitter:label1\" content=\"Estimated reading time\" \/>\n\t<meta name=\"twitter:data1\" content=\"1 minute\" \/>\n<script type=\"application\/ld+json\" class=\"yoast-schema-graph\">{\"@context\":\"https:\\\/\\\/schema.org\",\"@graph\":[{\"@type\":\"WebPage\",\"@id\":\"https:\\\/\\\/remidelac.com\\\/mentions-legales\\\/\",\"url\":\"https:\\\/\\\/remidelac.com\\\/mentions-legales\\\/\",\"name\":\"Mentions l\u00e9gales | R\u00e9mi Delac, d\u00e9veloppeur web freelance\",\"isPartOf\":{\"@id\":\"https:\\\/\\\/remidelac.com\\\/#website\"},\"datePublished\":\"2025-10-29T10:03:25+00:00\",\"dateModified\":\"2025-12-30T11:15:44+00:00\",\"description\":\"D\u00e9couvrez mes services en cr\u00e9ation de sites WordPress, e-commerce et d\u00e9veloppement sur mesure.\",\"breadcrumb\":{\"@id\":\"https:\\\/\\\/remidelac.com\\\/mentions-legales\\\/#breadcrumb\"},\"inLanguage\":\"en-GB\",\"potentialAction\":[{\"@type\":\"ReadAction\",\"target\":[\"https:\\\/\\\/remidelac.com\\\/mentions-legales\\\/\"]}]},{\"@type\":\"BreadcrumbList\",\"@id\":\"https:\\\/\\\/remidelac.com\\\/mentions-legales\\\/#breadcrumb\",\"itemListElement\":[{\"@type\":\"ListItem\",\"position\":1,\"name\":\"Accueil\",\"item\":\"https:\\\/\\\/remidelac.com\\\/\"},{\"@type\":\"ListItem\",\"position\":2,\"name\":\"Mentions l\u00e9gales\"}]},{\"@type\":\"WebSite\",\"@id\":\"https:\\\/\\\/remidelac.com\\\/#website\",\"url\":\"https:\\\/\\\/remidelac.com\\\/\",\"name\":\"R\u00e9mi Delac\",\"description\":\"Cr\u00e9ation de sites internet WordPress, UX design et optimisation SEO\",\"publisher\":{\"@id\":\"https:\\\/\\\/remidelac.com\\\/#\\\/schema\\\/person\\\/46af69a7479cb2189eba8699e376a4dc\"},\"alternateName\":\"D\u00e9veloppeur & Web Designer Freelance\",\"potentialAction\":[{\"@type\":\"SearchAction\",\"target\":{\"@type\":\"EntryPoint\",\"urlTemplate\":\"https:\\\/\\\/remidelac.com\\\/?s={search_term_string}\"},\"query-input\":{\"@type\":\"PropertyValueSpecification\",\"valueRequired\":true,\"valueName\":\"search_term_string\"}}],\"inLanguage\":\"en-GB\"},{\"@type\":[\"Person\",\"Organization\"],\"@id\":\"https:\\\/\\\/remidelac.com\\\/#\\\/schema\\\/person\\\/46af69a7479cb2189eba8699e376a4dc\",\"name\":\"R\u00e9mi Delac\",\"image\":{\"@type\":\"ImageObject\",\"inLanguage\":\"en-GB\",\"@id\":\"https:\\\/\\\/remidelac.com\\\/wp-content\\\/uploads\\\/2025\\\/10\\\/logo-remi-delac.jpg\",\"url\":\"https:\\\/\\\/remidelac.com\\\/wp-content\\\/uploads\\\/2025\\\/10\\\/logo-remi-delac.jpg\",\"contentUrl\":\"https:\\\/\\\/remidelac.com\\\/wp-content\\\/uploads\\\/2025\\\/10\\\/logo-remi-delac.jpg\",\"width\":512,\"height\":512,\"caption\":\"R\u00e9mi Delac\"},\"logo\":{\"@id\":\"https:\\\/\\\/remidelac.com\\\/wp-content\\\/uploads\\\/2025\\\/10\\\/logo-remi-delac.jpg\"},\"description\":\"Professionnel et passionn\u00e9 du web depuis plus de 15 ans, j\u2019interviens dans la cr\u00e9ation, le d\u00e9veloppement et le r\u00e9f\u00e9rencement de sites internet. Que vous cherchiez un site vitrine, un site E-commerce, un blog ou un site sur mesure, je saurai vous proposer un produit de qualit\u00e9, rapide et accessible. N\u2019h\u00e9sitez pas \u00e0 prendre contact avec moi, afin de discuter ensemble de votre projet et obtenir un devis 100% gratuit.\",\"sameAs\":[\"https:\\\/\\\/remidelac.com\",\"https:\\\/\\\/www.linkedin.com\\\/in\\\/remi-delac\"]}]}<\/script>\n<!-- \/ Yoast SEO plugin. -->","yoast_head_json":{"title":"Mentions l\u00e9gales | R\u00e9mi Delac, d\u00e9veloppeur web freelance","description":"D\u00e9couvrez mes services en cr\u00e9ation de sites WordPress, e-commerce et d\u00e9veloppement sur mesure.","robots":{"index":"noindex","follow":"follow"},"og_locale":"en_GB","og_type":"article","og_title":"Mentions l\u00e9gales | R\u00e9mi Delac, d\u00e9veloppeur web freelance","og_description":"D\u00e9couvrez mes services en cr\u00e9ation de sites WordPress, e-commerce et d\u00e9veloppement sur mesure.","og_url":"https:\/\/remidelac.com\/en\/legal-notices\/","og_site_name":"R\u00e9mi Delac \u2013 D\u00e9veloppeur &amp; Web Designer Freelance","article_modified_time":"2025-12-30T11:15:44+00:00","og_image":[{"width":1200,"height":675,"url":"https:\/\/remidelac.com\/wp-content\/uploads\/2025\/10\/remi-delac-site-web-low.jpg","type":"image\/jpeg"}],"twitter_card":"summary_large_image","twitter_misc":{"Estimated reading time":"1 minute"},"schema":{"@context":"https:\/\/schema.org","@graph":[{"@type":"WebPage","@id":"https:\/\/remidelac.com\/mentions-legales\/","url":"https:\/\/remidelac.com\/mentions-legales\/","name":"Mentions l\u00e9gales | R\u00e9mi Delac, d\u00e9veloppeur web freelance","isPartOf":{"@id":"https:\/\/remidelac.com\/#website"},"datePublished":"2025-10-29T10:03:25+00:00","dateModified":"2025-12-30T11:15:44+00:00","description":"D\u00e9couvrez mes services en cr\u00e9ation de sites WordPress, e-commerce et d\u00e9veloppement sur mesure.","breadcrumb":{"@id":"https:\/\/remidelac.com\/mentions-legales\/#breadcrumb"},"inLanguage":"en-GB","potentialAction":[{"@type":"ReadAction","target":["https:\/\/remidelac.com\/mentions-legales\/"]}]},{"@type":"BreadcrumbList","@id":"https:\/\/remidelac.com\/mentions-legales\/#breadcrumb","itemListElement":[{"@type":"ListItem","position":1,"name":"Accueil","item":"https:\/\/remidelac.com\/"},{"@type":"ListItem","position":2,"name":"Mentions l\u00e9gales"}]},{"@type":"WebSite","@id":"https:\/\/remidelac.com\/#website","url":"https:\/\/remidelac.com\/","name":"R\u00e9mi Delac","description":"Cr\u00e9ation de sites internet WordPress, UX design et optimisation SEO","publisher":{"@id":"https:\/\/remidelac.com\/#\/schema\/person\/46af69a7479cb2189eba8699e376a4dc"},"alternateName":"D\u00e9veloppeur & Web Designer Freelance","potentialAction":[{"@type":"SearchAction","target":{"@type":"EntryPoint","urlTemplate":"https:\/\/remidelac.com\/?s={search_term_string}"},"query-input":{"@type":"PropertyValueSpecification","valueRequired":true,"valueName":"search_term_string"}}],"inLanguage":"en-GB"},{"@type":["Person","Organization"],"@id":"https:\/\/remidelac.com\/#\/schema\/person\/46af69a7479cb2189eba8699e376a4dc","name":"R\u00e9mi Delac","image":{"@type":"ImageObject","inLanguage":"en-GB","@id":"https:\/\/remidelac.com\/wp-content\/uploads\/2025\/10\/logo-remi-delac.jpg","url":"https:\/\/remidelac.com\/wp-content\/uploads\/2025\/10\/logo-remi-delac.jpg","contentUrl":"https:\/\/remidelac.com\/wp-content\/uploads\/2025\/10\/logo-remi-delac.jpg","width":512,"height":512,"caption":"R\u00e9mi Delac"},"logo":{"@id":"https:\/\/remidelac.com\/wp-content\/uploads\/2025\/10\/logo-remi-delac.jpg"},"description":"Professionnel et passionn\u00e9 du web depuis plus de 15 ans, j\u2019interviens dans la cr\u00e9ation, le d\u00e9veloppement et le r\u00e9f\u00e9rencement de sites internet. Que vous cherchiez un site vitrine, un site E-commerce, un blog ou un site sur mesure, je saurai vous proposer un produit de qualit\u00e9, rapide et accessible. N\u2019h\u00e9sitez pas \u00e0 prendre contact avec moi, afin de discuter ensemble de votre projet et obtenir un devis 100% gratuit.","sameAs":["https:\/\/remidelac.com","https:\/\/www.linkedin.com\/in\/remi-delac"]}]}},"_hostinger_reach_plugin_has_subscription_block":false,"_hostinger_reach_plugin_is_elementor":false,"_links":{"self":[{"href":"https:\/\/remidelac.com\/en\/wp-json\/wp\/v2\/pages\/1245","targetHints":{"allow":["GET"]}}],"collection":[{"href":"https:\/\/remidelac.com\/en\/wp-json\/wp\/v2\/pages"}],"about":[{"href":"https:\/\/remidelac.com\/en\/wp-json\/wp\/v2\/types\/page"}],"author":[{"embeddable":true,"href":"https:\/\/remidelac.com\/en\/wp-json\/wp\/v2\/users\/1"}],"replies":[{"embeddable":true,"href":"https:\/\/remidelac.com\/en\/wp-json\/wp\/v2\/comments?post=1245"}],"version-history":[{"count":21,"href":"https:\/\/remidelac.com\/en\/wp-json\/wp\/v2\/pages\/1245\/revisions"}],"predecessor-version":[{"id":1731,"href":"https:\/\/remidelac.com\/en\/wp-json\/wp\/v2\/pages\/1245\/revisions\/1731"}],"wp:attachment":[{"href":"https:\/\/remidelac.com\/en\/wp-json\/wp\/v2\/media?parent=1245"}],"curies":[{"name":"wp","href":"https:\/\/api.w.org\/{rel}","templated":true}]}}